{"id":709,"date":"2021-01-04T14:58:18","date_gmt":"2021-01-04T13:58:18","guid":{"rendered":"http:\/\/ifenthaler.info\/website\/?page_id=709"},"modified":"2022-02-01T08:45:37","modified_gmt":"2022-02-01T07:45:37","slug":"2021-2","status":"publish","type":"page","link":"https:\/\/ifenthaler.info\/website\/?page_id=709","title":{"rendered":"2021"},"content":{"rendered":"\n<p>Ifenthaler, D. (2021). Learning analytics for school and system management. In OECD (Ed.),<em> <em>OECD digital education outlook 2021: Pushing the frontiers with artificial intelligence, blockchain and robots<\/em> <\/em>(pp. 161\u2013172).<em> <\/em><a rel=\"noreferrer noopener\" href=\"https:\/\/www.oecd-ilibrary.org\/education\/oecd-digital-education-outlook-2021_589b283f-en\" target=\"_blank\">OECD Publishing<\/a>.&nbsp;<\/p>\n\n\n\n<p>Ifenthaler, D., Gibson, D. C., Prasse, D., Shimada, A., &amp; Yamada, M. (2021). Putting learning back into learning analytics: actions for policy makers, researchers, and practitioners. <em>Educational Technology Research and Development<\/em>,<em> 69<\/em>(4), 2131\u20132150. <a href=\"https:\/\/doi.org\/10.1007\/s11423-020-09909-8\">https:\/\/doi.org\/10.1007\/s11423-020-09909-8<\/a>&nbsp;<\/p>\n\n\n\n<p>Ifenthaler, D., &amp; Greiff, S. (2021). Leveraging learning analytics for assessment and feedback. In J. Liebowitz (Ed.), <em>Online learning analytics<\/em> (pp. 1\u201318). Auerbach Publications. <a href=\"https:\/\/doi.org\/10.1201\/9781003194620\">https:\/\/doi.org\/10.1201\/9781003194620<\/a>\u00a0<\/p>\n\n\n\n<p>Ifenthaler, D. (2021). Indikatoren f\u00fcr Learning-Analytics-Anwendungen. In K. Wilbers (Ed.), <em>Handbuch E-Learning<\/em> (89 ed., pp. 1\u201310). K\u00f6ln: Wolters Kluwer.<\/p>\n\n\n\n<p>Schumacher, C., &amp; Ifenthaler, D. (2021). Investigating prompts for supporting students&#8217; self-regulation \u2013 A remaining challenge for learning analytics approaches? <em>The Internet and Higher Education<\/em>,<em> 49<\/em>, 100791. <a href=\"https:\/\/doi.org\/10.1016\/j.iheduc.2020.100791\">https:\/\/doi.org\/10.1016\/j.iheduc.2020.100791<\/a><\/p>\n\n\n\n<p>Papamitsiou, Z., Filippakis, M., Poulou, M., Sampson, D. G., Ifenthaler, D., &amp; Giannakos, M. (2021). Towards an educational data literacy framework: enhancing the profiles of instructional designers and e-tutors of online and blended courses with new competences. <em>Smart Learning Environments<\/em>,<em> 8<\/em>, 18. <a href=\"https:\/\/doi.org\/10.1186\/s40561-021-00163-w\">https:\/\/doi.org\/10.1186\/s40561\u2010021\u201000163\u2010w<\/a>&nbsp;<\/p>\n\n\n\n<p>Delcker, J., &amp; Ifenthaler, D. (2021). Teachers\u2019 perspective on school development at German vocational schools during the COVID-19 Pandemic <em>Technology, Pedagogy and Education<\/em>,<em> 30<\/em>(1), 125\u2013139. <a href=\"https:\/\/doi.org\/10.1080\/1475939X.2020.1857826\">https:\/\/doi.org\/10.1080\/1475939X.2020.1857826<\/a>&nbsp;<\/p>\n\n\n\n<p>Roll, M., &amp; Ifenthaler, D. (2021). Learning Factories 4.0 in technical vocational schools: can they foster competence development? <em>Empirical Research in Vocational Education and Training<\/em>. <a href=\"https:\/\/doi.org\/10.1186\/s40461-021-00124-0\">https:\/\/doi.org\/10.1186\/s40461-021-00124-0<\/a>&nbsp;<\/p>\n\n\n\n<p>Chen, L., Ifenthaler, D., &amp; Yau, J. Y.-K. (2021). Online and blended entrepreneurship education: a systematic review of applied educational technologies. <em>Entrepreneurship Education<\/em>,<em> 4<\/em>, 191\u2013232. <a href=\"https:\/\/doi.org\/10.1007\/s41959-021-00047-7\">https:\/\/doi.org\/10.1007\/s41959-021-00047-7<\/a>&nbsp;<\/p>\n\n\n\n<p>Ifenthaler, D., &amp; Delcker, J. (2021). Check-up Distance Learning. Datengest\u00fctzte Schul- und Unterrichtsentwicklung f\u00fcr berufliche Schulen vor Ort. <em>Schulverwaltung BW<\/em>,<em> 30<\/em>(11), 296\u2013299.&nbsp;<\/p>\n\n\n\n<p>Ifenthaler, D., &amp; Yau, J. (2021). Learning Analytics zur Unterst\u00fctzung von Lernerfolg. <em>Zeitschrift f\u00fcr Berufs- und Wirtschaftsp\u00e4dagogik<\/em>,<em> Beiheft 31<\/em>, 215\u2013235.&nbsp;<\/p>\n\n\n\n<p>Seufert, S., Guggemos, J., &amp; Ifenthaler, D. (2021). Zukunft der Arbeit mit intelligenten Maschinen: Implikationen der K\u00fcnstlichen Intelligenz f\u00fcr die Berufsbildung. <em><a rel=\"noreferrer noopener\" href=\"https:\/\/elibrary.steiner-verlag.de\/book\/99.105010\/9783515130752\" target=\"_blank\">Zeitschrift f\u00fcr Berufs- und Wirtschaftsp\u00e4dagogik<\/a><\/em>,<em> Beiheft 31<\/em>, 9\u201327.&nbsp;<\/p>\n\n\n\n<p>Roll, M., &amp; Ifenthaler, D. (2021). Multidisciplinary digital competencies of pre-service vocational teachers. <em>Empirical Research in Vocational Education and Training<\/em>,<em> 13<\/em>(7), 1\u201325. <a href=\"https:\/\/doi.org\/10.1186\/s40461-021-00112-4\">https:\/\/doi.org\/10.1186\/s40461-021-00112-4<\/a>&nbsp;<\/p>\n\n\n\n<p>Ifenthaler, D., Sampson, D. G., &amp; Isaias, P. (Eds.). (2021). <em>Balancing the tension between digital technologies and learning sciences<\/em>. Cham: <a href=\"https:\/\/link.springer.com\/book\/10.1007\/978-3-030-65657-7\" target=\"_blank\" rel=\"noreferrer noopener\">Springer<\/a>.<\/p>\n\n\n\n<p>Ifenthaler, D., Hofhues, S., Egloffstein, M., &amp; Helbig, C. (Eds.). (2021). <em>Digital transformation of learning organizations<\/em>. Cham: <a rel=\"noreferrer noopener\" href=\"https:\/\/link.springer.com\/book\/10.1007\/978-3-030-55878-9#toc\" target=\"_blank\">Springer<\/a>.<\/p>\n\n\n\n<p>Aprea, C., &amp; Ifenthaler, D. (Eds.). (2021). <em>Game-based learning across the disciplines<\/em>. Springer. <a href=\"https:\/\/doi.org\/10.1007\/978-3-030-75142-5\">https:\/\/doi.org\/10.1007\/978-3-030-75142-5<\/a><\/p>\n\n\n\n<p>Aprea, C., &amp; Ifenthaler, D. (2021). Looking back and moving forward with game-based learning across the disciplines. In C. Aprea &amp; D. Ifenthaler (Eds.), <em>Game-based learning across the disciplines<\/em> (pp. 395\u2013407). Springer. <a href=\"https:\/\/doi.org\/10.1007\/978-3-030-75142-5_18\">https:\/\/doi.org\/10.1007\/978-3-030-75142-5_18<\/a>&nbsp;<\/p>\n\n\n\n<p>Sahin, M., &amp; Ifenthaler, D. (Eds.). (2021). <em>Visualizations and dashboards for learning analytics<\/em>. Springer. <a href=\"https:\/\/doi.org\/10.1007\/978-3-030-81222-5.\">https:\/\/doi.org\/10.1007\/978-3-030-81222-5.<\/a>&nbsp;<\/p>\n\n\n\n<p>Sahin, M., &amp; Ifenthaler, D. (2021). Visualizations and dashboards for learning analytics: A systematic literature review. In M. Sahin &amp; D. Ifenthaler (Eds.), <em>Visualizations and dashboards for learning analytics<\/em> (pp. 3\u201322). Springer. <a href=\"https:\/\/doi.org\/10.1007\/978-3-030-81222-5_1\">https:\/\/doi.org\/10.1007\/978-3-030-81222-5_1<\/a>&nbsp;<\/p>\n\n\n\n<p>Sahin, M., &amp; Ifenthaler, D. (2021). Visualizations and dashboards for learning analytics: Challenges and future directions. In M. Sahin &amp; D. Ifenthaler (Eds.), <em>Visualizations and dashboards for learning analytics<\/em> (pp. 585\u2013597). Springer. <a href=\"https:\/\/doi.org\/10.1007\/978-3-030-81222-5_27\">https:\/\/doi.org\/10.1007\/978-3-030-81222-5_27<\/a>&nbsp;<\/p>\n\n\n\n<p>Kerrigan, S., Feng, S., Vathaluru, R., Ifenthaler, D., &amp; Gibson, D. C. (2021). Network analytics of collaborative problem-solving. In D. Ifenthaler, D. G. Sampson, &amp; P. Isaias (Eds.), <em>Balancing the tension between digital technologies and learning sciences.<\/em> (pp. 53\u201376). Cham: <a href=\"https:\/\/link.springer.com\/chapter\/10.1007\/978-3-030-65657-7_4\" data-type=\"URL\" data-id=\"https:\/\/link.springer.com\/chapter\/10.1007\/978-3-030-65657-7_4\" target=\"_blank\" rel=\"noreferrer noopener\">Springer<\/a>.<\/p>\n\n\n\n<p>Helbig, C., Hofhues, S., Egloffstein, M., &amp; Ifenthaler, D. (2021). Digital transformation in learning organizations \u2013 summary and outlook In D. Ifenthaler, S. Hofhues, M. Egloffstein, &amp; C. Helbig (Eds.), <em>Digital transformation of learning organizations<\/em> (pp. 237\u2013244). Cham: <a rel=\"noreferrer noopener\" href=\"https:\/\/link.springer.com\/chapter\/10.1007\/978-3-030-55878-9_14\" target=\"_blank\">Springer<\/a>.<\/p>\n\n\n\n<p>Egloffstein, M., &amp; Ifenthaler, D. (2021). Tracing digital transformation in educational organizations. In D. Ifenthaler, S. Hofhues, M. Egloffstein, &amp; C. Helbig (Eds.), <em>Digital transformation of learning organizations<\/em> (pp. 41\u201357). Cham: <a href=\"https:\/\/link.springer.com\/chapter\/10.1007\/978-3-030-55878-9_3\" target=\"_blank\" rel=\"noreferrer noopener\">Springer<\/a>.<\/p>\n","protected":false},"excerpt":{"rendered":"<p>Ifenthaler, D. (2021). Learning analytics for school and system management. In OECD (Ed.), OECD digital education outlook 2021: Pushing the frontiers with artificial intelligence, blockchain and&#46;&#46;&#46;<\/p>\n","protected":false},"author":1,"featured_media":0,"parent":13,"menu_order":1,"comment_status":"closed","ping_status":"closed","template":"","meta":{"footnotes":""},"class_list":["post-709","page","type-page","status-publish","hentry"],"_links":{"self":[{"href":"https:\/\/ifenthaler.info\/website\/index.php?rest_route=\/wp\/v2\/pages\/709","targetHints":{"allow":["GET"]}}],"collection":[{"href":"https:\/\/ifenthaler.info\/website\/index.php?rest_route=\/wp\/v2\/pages"}],"about":[{"href":"https:\/\/ifenthaler.info\/website\/index.php?rest_route=\/wp\/v2\/types\/page"}],"author":[{"embeddable":true,"href":"https:\/\/ifenthaler.info\/website\/index.php?rest_route=\/wp\/v2\/users\/1"}],"replies":[{"embeddable":true,"href":"https:\/\/ifenthaler.info\/website\/index.php?rest_route=%2Fwp%2Fv2%2Fcomments&post=709"}],"version-history":[{"count":29,"href":"https:\/\/ifenthaler.info\/website\/index.php?rest_route=\/wp\/v2\/pages\/709\/revisions"}],"predecessor-version":[{"id":963,"href":"https:\/\/ifenthaler.info\/website\/index.php?rest_route=\/wp\/v2\/pages\/709\/revisions\/963"}],"up":[{"embeddable":true,"href":"https:\/\/ifenthaler.info\/website\/index.php?rest_route=\/wp\/v2\/pages\/13"}],"wp:attachment":[{"href":"https:\/\/ifenthaler.info\/website\/index.php?rest_route=%2Fwp%2Fv2%2Fmedia&parent=709"}],"curies":[{"name":"wp","href":"https:\/\/api.w.org\/{rel}","templated":true}]}}